{"id":371,"date":"2021-07-18T09:11:06","date_gmt":"2021-07-18T07:11:06","guid":{"rendered":"http:\/\/heimatstube-schlanstedt.com\/?page_id=371"},"modified":"2021-11-24T18:51:37","modified_gmt":"2021-11-24T17:51:37","slug":"spendenmarathon","status":"publish","type":"page","link":"http:\/\/heimatstube-schlanstedt.com\/?page_id=371","title":{"rendered":"Spendenmarathon"},"content":{"rendered":"\n<h2 class=\"has-vivid-red-color has-text-color\">Wir bedanken uns recht herzlich f\u00fcr die Spenden:<\/h2>\n\n\n\n<ul class=\"has-vivid-cyan-blue-color has-text-color\"><li><span class=\"has-inline-color has-vivid-cyan-blue-color\"><strong>Strube D&amp;S GmbH  \/                                                      500,00\u20ac<\/strong><\/span><\/li><li><span class=\"has-inline-color has-vivid-cyan-blue-color\"><strong>LU Schlanstedt        \/                                                         140,00\u20ac<\/strong><\/span><\/li><li><span class=\"has-inline-color has-vivid-cyan-blue-color\"><strong>Metallbau Freye      \/                                                  Sachspende<\/strong><\/span><\/li><li><span class=\"has-inline-color has-vivid-cyan-blue-color\"><strong>Dateko   GmbH       \/                                                           50,00\u20ac<\/strong><\/span><\/li><li><span class=\"has-inline-color has-vivid-cyan-blue-color\"><strong>Ines und Lutz G\u00f6tz   \/                                                        100,00\u20ac<\/strong><\/span><\/li><li><span class=\"has-inline-color has-vivid-cyan-blue-color\"><strong>Regina Dittrich         \/                                                          50,00\u20ac    <\/strong><\/span><\/li><li><span class=\"has-inline-color has-vivid-cyan-blue-color\"><strong>Stefanie Trapp          \/                                                        100,00\u20ac<\/strong><\/span><\/li><li><span class=\"has-inline-color has-vivid-cyan-blue-color\"><strong>Yvonne und Matthias G\u00f6tz \/                                               50,00\u20ac<\/strong><\/span><\/li><li><span class=\"has-inline-color has-vivid-cyan-blue-color\"><strong>Landstrom GmbH &amp; Co. KG \/                                            100,00\u20ac<\/strong><\/span><\/li><li><span class=\"has-inline-color has-vivid-cyan-blue-color\"><strong>Magda und Kurt Zilz            \/                                              20,00\u20ac<\/strong><\/span><\/li><li><span class=\"has-inline-color has-vivid-cyan-blue-color\"><strong>Maik Berger                         \/                                              50,00\u20ac<\/strong><\/span><\/li><li><span class=\"has-inline-color has-vivid-cyan-blue-color\"><strong>SV Olympia Schlanstedt     \/                                               60,00\u20ac<\/strong><\/span><\/li><li><span class=\"has-inline-color has-vivid-cyan-blue-color\"><strong>Avacon                                \/                                             200,00\u20ac<\/strong><\/span><\/li><li><span class=\"has-inline-color has-vivid-cyan-blue-color\"><strong>Senioren und Pflegeheim Schlanstedt GmbH \/                400,00\u20ac<\/strong><\/span><\/li><li><span class=\"has-inline-color has-vivid-cyan-blue-color\"><strong>Anonym     \/                                                                         50,00\u20ac <\/strong><\/span><\/li><li><span class=\"has-inline-color has-vivid-cyan-blue-color\"><strong>Karola und Uwe Kaschmirzak  \/                                           50,00\u20ac<\/strong><\/span><\/li><li><span class=\"has-inline-color has-vivid-cyan-blue-color\"><strong>Gisela und Manfred Baway                                                  50,00\u20ac<\/strong><\/span><\/li><li><span class=\"has-inline-color has-vivid-cyan-blue-color\"><strong>Manfred Scheuermann                                                        50,00\u20ac<\/strong><\/span><\/li><li><span class=\"has-inline-color has-vivid-cyan-blue-color\"><strong>Margarete Schaper                                                              50,00\u20ac<\/strong><\/span><\/li><li><span class=\"has-inline-color has-vivid-cyan-blue-color\"><strong>Karin Barwanitz                                                                    110,00\u20ac<\/strong><\/span><\/li><li><span class=\"has-inline-color has-vivid-cyan-blue-color\"><strong>Gudrun Deutschmann                                                          10,00\u20ac<\/strong><\/span><\/li><li><span class=\"has-inline-color has-vivid-cyan-blue-color\"><strong>Magda B\u00f6ttge und Otto Gebhardt                                      20,00\u20ac<\/strong><\/span><\/li><li><span class=\"has-inline-color has-vivid-cyan-blue-color\"><strong>Harry Hildebrandt                                                                60,00\u20ac<\/strong><\/span><\/li><li><span class=\"has-inline-color has-vivid-cyan-blue-color\"><strong>Sieglinde H\u00fcbner                                                                 50,00\u20ac<\/strong><\/span><\/li><li><span class=\"has-inline-color has-vivid-cyan-blue-color\"><strong>Liane und Leonard Bauermeister                                       100,00\u20ac<\/strong><\/span><\/li><li><span class=\"has-inline-color has-vivid-cyan-blue-color\"><strong>Gerda und Helmuth Fuhlbrecht                                          10,00\u20ac<\/strong><\/span><\/li><li><span class=\"has-inline-color has-vivid-cyan-blue-color\"><strong>Roswitha Dittrich                                                                 50,00\u20ac<\/strong><\/span><\/li><li><span class=\"has-inline-color has-vivid-cyan-blue-color\"><strong>Marlies Becker                                                                     50,00\u20ac<\/strong><\/span><\/li><li><span class=\"has-inline-color has-vivid-cyan-blue-color\"><strong>Friedrich F\u00f6rster                                                                  50,00\u20ac<\/strong><\/span><\/li><li><span class=\"has-inline-color has-vivid-cyan-blue-color\"><strong>Ursel Hoffrichter und Klaus K\u00fchnemund                            30,00\u20ac<\/strong><\/span><\/li><li><span class=\"has-inline-color has-vivid-cyan-blue-color\"><strong>Michael Hoffrichter                                                            30,00\u20ac<\/strong><\/span><\/li><li><strong>Gabi Liesegang                                                                   10,00\u20ac<\/strong><\/li><li><strong>Renate und Frank Jirka                                                       20,00\u20ac<\/strong><\/li><li><strong>Hannelore und Heribert Timpe                                         100,00\u20ac<\/strong><\/li><\/ul>\n\n\n\n<hr class=\"wp-block-separator\"\/>\n\n\n\n<p><strong>Wir wollen Euch einen kurzen Stand der Dinge geben:<\/strong><\/p>\n\n\n\n<p> Wir werden Euch hier weiter auf dem laufenden halten, damit Ihr wisst was mit Eurer Unterst\u00fctzung geschafft wird und auch schon geschafft wurden ist. Ohne die zahlreichen Spenden w\u00e4re das Projekt nicht m\u00f6glich. Euch allen vielen Dank.  <\/p>\n\n\n\n<hr class=\"wp-block-separator\"\/>\n\n\n\n<p>Leider ist der F\u00f6rdertopf des BMEL geschlossen wurden, so da\u00df wir \u00fcber dieses F\u00f6rderprogramm keine F\u00f6rderung erhalten. Nichts desto trotz stecken wir die K\u00f6pfe nicht in den Sand. Wir werden nun einen Antrag zur LEADER F\u00f6rderung einreichen. Dazu gibt es am 30.09.2021 die ersten Vorbereitungsgespr\u00e4che. Dennoch waren wir nicht unt\u00e4tig und die ersten Ma\u00dfnahmen zur Realisierung  der Nutzung des 2.OG sind fast abgeschlossen. Dazu geh\u00f6rt das setzten einer Brandschutzwand incl. der Brandschutzt\u00fcren im 2.OG. Eine Fluchttreppe ins 2.OG wurde errichtet. Hier gilt eine besonderer Dank an Wolfgang Scheuermann, der an der Beschaffung der Treppe ma\u00dfgeblich beteiligt war. Ein weiterer Dank gilt der Firma Freye, die mit Ihrem Team die Treppe fachm\u00e4nnisch aufgestellt hat und die den \u00dcbergang von Treppe zum Fluchtfenster schaffen wird. <\/p>\n\n\n\n<p>  <\/p>\n\n\n\n<figure class=\"wp-block-image size-large\"><img loading=\"lazy\" width=\"768\" height=\"1024\" src=\"http:\/\/heimatstube-schlanstedt.com\/wp-content\/uploads\/2021\/11\/IMG_2117-768x1024.jpg\" alt=\"\" class=\"wp-image-486\" srcset=\"http:\/\/heimatstube-schlanstedt.com\/wp-content\/uploads\/2021\/11\/IMG_2117-768x1024.jpg 768w, http:\/\/heimatstube-schlanstedt.com\/wp-content\/uploads\/2021\/11\/IMG_2117-225x300.jpg 225w, http:\/\/heimatstube-schlanstedt.com\/wp-content\/uploads\/2021\/11\/IMG_2117-1152x1536.jpg 1152w, http:\/\/heimatstube-schlanstedt.com\/wp-content\/uploads\/2021\/11\/IMG_2117-1536x2048.jpg 1536w, http:\/\/heimatstube-schlanstedt.com\/wp-content\/uploads\/2021\/11\/IMG_2117-140x187.jpg 140w, http:\/\/heimatstube-schlanstedt.com\/wp-content\/uploads\/2021\/11\/IMG_2117-scaled.jpg 1920w\" sizes=\"(max-width: 768px) 100vw, 768px\" \/><\/figure>\n\n\n\n<figure class=\"wp-block-image size-large\"><img loading=\"lazy\" width=\"768\" height=\"1024\" src=\"http:\/\/heimatstube-schlanstedt.com\/wp-content\/uploads\/2021\/11\/IMG_2118-768x1024.jpg\" alt=\"\" class=\"wp-image-487\" srcset=\"http:\/\/heimatstube-schlanstedt.com\/wp-content\/uploads\/2021\/11\/IMG_2118-768x1024.jpg 768w, http:\/\/heimatstube-schlanstedt.com\/wp-content\/uploads\/2021\/11\/IMG_2118-225x300.jpg 225w, http:\/\/heimatstube-schlanstedt.com\/wp-content\/uploads\/2021\/11\/IMG_2118-1152x1536.jpg 1152w, http:\/\/heimatstube-schlanstedt.com\/wp-content\/uploads\/2021\/11\/IMG_2118-1536x2048.jpg 1536w, http:\/\/heimatstube-schlanstedt.com\/wp-content\/uploads\/2021\/11\/IMG_2118-140x187.jpg 140w, http:\/\/heimatstube-schlanstedt.com\/wp-content\/uploads\/2021\/11\/IMG_2118-scaled.jpg 1920w\" sizes=\"(max-width: 768px) 100vw, 768px\" \/><\/figure>\n\n\n\n<figure class=\"wp-block-image size-large\"><img loading=\"lazy\" width=\"768\" height=\"1024\" src=\"http:\/\/heimatstube-schlanstedt.com\/wp-content\/uploads\/2021\/11\/IMG_2119-768x1024.jpg\" alt=\"\" class=\"wp-image-488\" srcset=\"http:\/\/heimatstube-schlanstedt.com\/wp-content\/uploads\/2021\/11\/IMG_2119-768x1024.jpg 768w, http:\/\/heimatstube-schlanstedt.com\/wp-content\/uploads\/2021\/11\/IMG_2119-225x300.jpg 225w, http:\/\/heimatstube-schlanstedt.com\/wp-content\/uploads\/2021\/11\/IMG_2119-1152x1536.jpg 1152w, http:\/\/heimatstube-schlanstedt.com\/wp-content\/uploads\/2021\/11\/IMG_2119-1536x2048.jpg 1536w, http:\/\/heimatstube-schlanstedt.com\/wp-content\/uploads\/2021\/11\/IMG_2119-140x187.jpg 140w, http:\/\/heimatstube-schlanstedt.com\/wp-content\/uploads\/2021\/11\/IMG_2119-scaled.jpg 1920w\" sizes=\"(max-width: 768px) 100vw, 768px\" \/><\/figure>\n\n\n\n<figure class=\"wp-block-image size-large\"><img loading=\"lazy\" width=\"768\" height=\"1024\" src=\"http:\/\/heimatstube-schlanstedt.com\/wp-content\/uploads\/2021\/11\/IMG_2120-768x1024.jpg\" alt=\"\" class=\"wp-image-489\" srcset=\"http:\/\/heimatstube-schlanstedt.com\/wp-content\/uploads\/2021\/11\/IMG_2120-768x1024.jpg 768w, http:\/\/heimatstube-schlanstedt.com\/wp-content\/uploads\/2021\/11\/IMG_2120-225x300.jpg 225w, http:\/\/heimatstube-schlanstedt.com\/wp-content\/uploads\/2021\/11\/IMG_2120-1152x1536.jpg 1152w, http:\/\/heimatstube-schlanstedt.com\/wp-content\/uploads\/2021\/11\/IMG_2120-1536x2048.jpg 1536w, http:\/\/heimatstube-schlanstedt.com\/wp-content\/uploads\/2021\/11\/IMG_2120-140x187.jpg 140w, http:\/\/heimatstube-schlanstedt.com\/wp-content\/uploads\/2021\/11\/IMG_2120-scaled.jpg 1920w\" sizes=\"(max-width: 768px) 100vw, 768px\" \/><\/figure>\n\n\n\n<p> <\/p>\n\n\n\n<p>   <\/p>\n","protected":false},"excerpt":{"rendered":"<p>Wir bedanken uns recht herzlich f\u00fcr die Spenden: Strube D&amp;S GmbH \/ 500,00\u20ac LU Schlanstedt \/ 140,00\u20ac Metallbau Freye \/ Sachspende Dateko GmbH \/ 50,00\u20ac Ines und Lutz G\u00f6tz \/&hellip;<\/p>\n","protected":false},"author":2,"featured_media":0,"parent":71,"menu_order":5,"comment_status":"closed","ping_status":"closed","template":"","meta":[],"_links":{"self":[{"href":"http:\/\/heimatstube-schlanstedt.com\/index.php?rest_route=\/wp\/v2\/pages\/371"}],"collection":[{"href":"http:\/\/heimatstube-schlanstedt.com\/index.php?rest_route=\/wp\/v2\/pages"}],"about":[{"href":"http:\/\/heimatstube-schlanstedt.com\/index.php?rest_route=\/wp\/v2\/types\/page"}],"author":[{"embeddable":true,"href":"http:\/\/heimatstube-schlanstedt.com\/index.php?rest_route=\/wp\/v2\/users\/2"}],"replies":[{"embeddable":true,"href":"http:\/\/heimatstube-schlanstedt.com\/index.php?rest_route=%2Fwp%2Fv2%2Fcomments&post=371"}],"version-history":[{"count":13,"href":"http:\/\/heimatstube-schlanstedt.com\/index.php?rest_route=\/wp\/v2\/pages\/371\/revisions"}],"predecessor-version":[{"id":491,"href":"http:\/\/heimatstube-schlanstedt.com\/index.php?rest_route=\/wp\/v2\/pages\/371\/revisions\/491"}],"up":[{"embeddable":true,"href":"http:\/\/heimatstube-schlanstedt.com\/index.php?rest_route=\/wp\/v2\/pages\/71"}],"wp:attachment":[{"href":"http:\/\/heimatstube-schlanstedt.com\/index.php?rest_route=%2Fwp%2Fv2%2Fmedia&parent=371"}],"curies":[{"name":"wp","href":"https:\/\/api.w.org\/{rel}","templated":true}]}}